{"id":69,"date":"2024-03-01T10:48:05","date_gmt":"2024-03-01T09:48:05","guid":{"rendered":"https:\/\/test.hermann-toast.de\/?page_id=69"},"modified":"2024-10-11T10:29:26","modified_gmt":"2024-10-11T08:29:26","slug":"spuren-im-netz-verwischen","status":"publish","type":"page","link":"https:\/\/test.hermann-toast.de\/?page_id=69","title":{"rendered":"Spuren im Netz verwischen"},"content":{"rendered":"\n<p class=\"has-large-font-size\">Sie k\u00f6nnen Ihre Spuren im Internet verwischen:<\/p>\n\n\n\n<p class=\"has-large-font-size\"><br>Verlauf\/Cache: Ihr Internetbrowser speichert Informationen, Daten und Grafiken von Webseiten,<br>die Sie zuletzt besucht haben. Damit andere Personen diese nicht nach verfolgen k\u00f6nnen,<br>l\u00f6schen Sie die gespeicherten Daten \u00fcber die Einstellungen Ihres Browsers.<\/p>\n\n\n\n<p class=\"has-large-font-size\"><br>o <strong>Mozilla Firefox:<\/strong><br>Klicken Sie auf das Men\u00fc &#8222;Extras&#8220; und w\u00e4hlen Sie &#8222;neueste Chronik l\u00f6schen&#8220;. W\u00e4hlen Sie<br>dort dann am besten &#8222;Alles&#8220; und klicken Sie auf den Button &#8222;Jetzt l\u00f6schen&#8220;<\/p>\n\n\n\n<p class=\"has-large-font-size\"><br>o <strong>Internet Explorer:<\/strong><br>Klicken Sie auf das Men\u00fc &#8222;Extras&#8220;, w\u00e4hlen Sie &#8222;Internetoptionen&#8220;. Auf der Registerkarte<br>&#8222;Allgemein&#8220; im Bereich &#8222;Browserverlauf&#8220; k\u00f6nnen Sie a) anklicken, dass der Browserverlauf<br>nach jedem Schlie\u00dfen des Browsers automatisch gel\u00f6scht wird oder b) unter &#8222;L\u00f6schen&#8220;<br>anklicken, welche Browserdaten gel\u00f6scht werden sollen. Klicken Sie auf &#8222;L\u00f6schen&#8220;.<\/p>\n\n\n\n<p class=\"has-large-font-size\"><br>o <strong>Google Chrome:<\/strong><br>Klicken Sie auf das Chrome-Men\u00fc in der Symbolleiste des Browsers und w\u00e4hlen Sie<br>\u201eTools\u201c aus. W\u00e4hlen Sie anschlie\u00dfend \u201eBrowserdaten l\u00f6schen\u201c aus. Aktivieren Sie im<br>daraufhin erscheinenden Dialogfeld das Kontrollk\u00e4stchen &#8222;Browserverlauf l\u00f6schen&#8220;.<br>W\u00e4hlen Sie dort dann am besten &#8222;Alles&#8220; aus und klicken Sie auf den Button &#8222;Browserdaten<br>l\u00f6schen&#8220;.<\/p>\n\n\n\n<p class=\"has-large-font-size\"><br>o <strong>Safari:<\/strong><br>W\u00e4hlen Sie im Men\u00fc &#8222;Verlauf&#8220; den Unterpunkt &#8222;Verlauf l\u00f6schen&#8220; und best\u00e4tigen Sie dies<br>durch Bet\u00e4tigung der Schaltfl\u00e4che &#8222;L\u00f6schen&#8220;.<\/p>\n\n\n\n<p class=\"has-large-font-size\" id=\"Spuren-verwischen\"><br>o Mobile &#8211; Browser (Handy)<br>Da sich die Bezeichnungen f\u00fcr die einzelnen Funktionen in den verschiedenen Endger\u00e4ten<br>unterscheiden l\u00e4sst sich hier keine allgemeing\u00fcltige Anleitung darstellen. Bei allen<br>Endger\u00e4ten kann man jedoch in den Einstellungen den Verlauf f\u00fcr den jeweils verwendeten<br>Browser l\u00f6schen.<br>Trotz dieser Hinweise ist es m\u00f6glich, dass Ihre Spuren nicht vollst\u00e4ndig verwischt sind. Viele<br>Browsertypen haben noch andere M\u00f6glichkeiten, um besuchte Webseiten zu speichern und<br>anzuzeigen. Am sichersten ist es daher, Internetinformationen an einem \u00f6ffentlichen Ort   (z. B. Internet-Caf\u00e9, am Arbeitsplatz oder bei einer Person, der Sie vertrauen) abzurufen. Aber auch dort<br>sollten Sie den Cache wie oben beschrieben l\u00f6schen.<\/p>\n","protected":false},"excerpt":{"rendered":"<p>Sie k\u00f6nnen Ihre Spuren im Internet verwischen: Verlauf\/Cache: Ihr Internetbrowser speichert Informationen, Daten und Grafiken von Webseiten,die Sie zuletzt besucht haben. Damit andere Personen diese &hellip;<\/p>\n","protected":false},"author":1,"featured_media":0,"parent":0,"menu_order":0,"comment_status":"closed","ping_status":"closed","template":"","meta":{"footnotes":""},"class_list":["post-69","page","type-page","status-publish","hentry"],"_links":{"self":[{"href":"https:\/\/test.hermann-toast.de\/index.php?rest_route=\/wp\/v2\/pages\/69","targetHints":{"allow":["GET"]}}],"collection":[{"href":"https:\/\/test.hermann-toast.de\/index.php?rest_route=\/wp\/v2\/pages"}],"about":[{"href":"https:\/\/test.hermann-toast.de\/index.php?rest_route=\/wp\/v2\/types\/page"}],"author":[{"embeddable":true,"href":"https:\/\/test.hermann-toast.de\/index.php?rest_route=\/wp\/v2\/users\/1"}],"replies":[{"embeddable":true,"href":"https:\/\/test.hermann-toast.de\/index.php?rest_route=%2Fwp%2Fv2%2Fcomments&post=69"}],"version-history":[{"count":2,"href":"https:\/\/test.hermann-toast.de\/index.php?rest_route=\/wp\/v2\/pages\/69\/revisions"}],"predecessor-version":[{"id":74,"href":"https:\/\/test.hermann-toast.de\/index.php?rest_route=\/wp\/v2\/pages\/69\/revisions\/74"}],"wp:attachment":[{"href":"https:\/\/test.hermann-toast.de\/index.php?rest_route=%2Fwp%2Fv2%2Fmedia&parent=69"}],"curies":[{"name":"wp","href":"https:\/\/api.w.org\/{rel}","templated":true}]}}